{"id":18,"date":"2025-11-26T16:05:07","date_gmt":"2025-11-26T22:05:07","guid":{"rendered":"https:\/\/vinicolaelaguaje.directorio-comercial.com\/?page_id=18"},"modified":"2025-11-26T17:40:45","modified_gmt":"2025-11-26T23:40:45","slug":"experiencias","status":"publish","type":"page","link":"https:\/\/vinicolaelaguaje.directorio-comercial.com\/?page_id=18","title":{"rendered":"Experiencias"},"content":{"rendered":"\n<div class=\"wp-block-group has-global-padding is-layout-constrained wp-block-group-is-layout-constrained\">\n<div class=\"wp-block-group is-nowrap is-layout-flex wp-container-core-group-is-layout-6c531013 wp-block-group-is-layout-flex\">\n<div><div class=\"gb-looper-662d7c0e\">\n<div class=\"gb-loop-item gb-loop-item-18e0c954 post-125 experencia type-experencia status-publish hentry\">\n<div class=\"wp-block-group is-vertical is-layout-flex wp-container-core-group-is-layout-0615b3a0 wp-block-group-is-layout-flex\" style=\"margin-top:0;margin-bottom:0\">\n<img loading=\"lazy\" decoding=\"async\" width=\"792\" height=\"612\" data-media-id=\"126\" class=\"gb-media-ac40019b\" src=\"https:\/\/vinicolaelaguaje.directorio-comercial.com\/wp-content\/uploads\/2025\/11\/EventosImg.png\" alt=\"Borrador autom\u00e1tico\" srcset=\"https:\/\/vinicolaelaguaje.directorio-comercial.com\/wp-content\/uploads\/2025\/11\/EventosImg.png 792w, https:\/\/vinicolaelaguaje.directorio-comercial.com\/wp-content\/uploads\/2025\/11\/EventosImg-300x232.png 300w, https:\/\/vinicolaelaguaje.directorio-comercial.com\/wp-content\/uploads\/2025\/11\/EventosImg-768x593.png 768w\" sizes=\"auto, (max-width: 792px) 100vw, 792px\" \/>\n\n\n\n<div class=\"wp-block-group has-base-2-color has-text-color has-background has-link-color wp-elements-0de776beb1bd4e20688e70e5cf9a8ee6 is-vertical is-content-justification-center is-layout-flex wp-container-core-group-is-layout-ce155fab wp-block-group-is-layout-flex\" style=\"background-color:#600000\">\n<h2 class=\"gb-text gb-text-7b861e5c\">EVENTOS<\/h2>\n\n\n\n<p class=\"gb-text gb-text-5d05112a\">Nuestros espacios vers\u00e1tiles y encantadores son el escenario perfecto para eventos sociales y corporativos. Ofrecemos un entorno sofisticado y adaptable durante todo el a\u00f1o, ideal para cualquier ocasi\u00f3n especial. <\/br> Planifica con anticipaci\u00f3n y asegura tu fecha para crear una celebraci\u00f3n verdaderamente memorable.<\/p>\n<\/div>\n<\/div>\n<\/div>\n\n<div class=\"gb-loop-item gb-loop-item-18e0c954 post-123 experencia type-experencia status-publish hentry\">\n<div class=\"wp-block-group is-vertical is-layout-flex wp-container-core-group-is-layout-0615b3a0 wp-block-group-is-layout-flex\" style=\"margin-top:0;margin-bottom:0\">\n<img loading=\"lazy\" decoding=\"async\" width=\"792\" height=\"612\" data-media-id=\"124\" class=\"gb-media-ac40019b\" src=\"https:\/\/vinicolaelaguaje.directorio-comercial.com\/wp-content\/uploads\/2025\/11\/WinebarImg.png\" alt=\"Borrador autom\u00e1tico\" srcset=\"https:\/\/vinicolaelaguaje.directorio-comercial.com\/wp-content\/uploads\/2025\/11\/WinebarImg.png 792w, https:\/\/vinicolaelaguaje.directorio-comercial.com\/wp-content\/uploads\/2025\/11\/WinebarImg-300x232.png 300w, https:\/\/vinicolaelaguaje.directorio-comercial.com\/wp-content\/uploads\/2025\/11\/WinebarImg-768x593.png 768w\" sizes=\"auto, (max-width: 792px) 100vw, 792px\" \/>\n\n\n\n<div class=\"wp-block-group has-base-2-color has-text-color has-background has-link-color wp-elements-0de776beb1bd4e20688e70e5cf9a8ee6 is-vertical is-content-justification-center is-layout-flex wp-container-core-group-is-layout-ce155fab wp-block-group-is-layout-flex\" style=\"background-color:#600000\">\n<h2 class=\"gb-text gb-text-7b861e5c\">WINE BAR<\/h2>\n\n\n\n<p class=\"gb-text gb-text-5d05112a\">Sum\u00e9rgete en una experiencia de degustaci\u00f3n excepcional en nuestro wine bar, donde cada visita es una celebraci\u00f3n del vino. Disfruta de una cuidada selecci\u00f3n de nuestras mejores etiquetas en un ambiente relajado. Nuestro equipo de expertos estar\u00e1 a tu disposici\u00f3n para guiarte en la elecci\u00f3n de los vinos que mejor se adapten a tus preferencias, mientras te deleitas con tapas y acompa\u00f1amientos que realzan cada sorbo.<\/p>\n<\/div>\n<\/div>\n<\/div>\n\n<div class=\"gb-loop-item gb-loop-item-18e0c954 post-121 experencia type-experencia status-publish hentry\">\n<div class=\"wp-block-group is-vertical is-layout-flex wp-container-core-group-is-layout-0615b3a0 wp-block-group-is-layout-flex\" style=\"margin-top:0;margin-bottom:0\">\n<img loading=\"lazy\" decoding=\"async\" width=\"792\" height=\"612\" data-media-id=\"122\" class=\"gb-media-ac40019b\" src=\"https:\/\/vinicolaelaguaje.directorio-comercial.com\/wp-content\/uploads\/2025\/11\/CataDeVinosImg.png\" alt=\"Borrador autom\u00e1tico\" srcset=\"https:\/\/vinicolaelaguaje.directorio-comercial.com\/wp-content\/uploads\/2025\/11\/CataDeVinosImg.png 792w, https:\/\/vinicolaelaguaje.directorio-comercial.com\/wp-content\/uploads\/2025\/11\/CataDeVinosImg-300x232.png 300w, https:\/\/vinicolaelaguaje.directorio-comercial.com\/wp-content\/uploads\/2025\/11\/CataDeVinosImg-768x593.png 768w\" sizes=\"auto, (max-width: 792px) 100vw, 792px\" \/>\n\n\n\n<div class=\"wp-block-group has-base-2-color has-text-color has-background has-link-color wp-elements-0de776beb1bd4e20688e70e5cf9a8ee6 is-vertical is-content-justification-center is-layout-flex wp-container-core-group-is-layout-ce155fab wp-block-group-is-layout-flex\" style=\"background-color:#600000\">\n<h2 class=\"gb-text gb-text-7b861e5c\">CATA DE VINOS<\/h2>\n\n\n\n<p class=\"gb-text gb-text-5d05112a\">Sum\u00e9rgete en una experiencia sensorial \u00fanica mientras exploras el color, el aroma y el sabor de nuestros vinos, acompa\u00f1ados de una selecci\u00f3n de charcuter\u00eda gourmet. Aprende sobre las notas y matices que definen cada etiqueta en una cata guiada por nuestros expertos.<\/p>\n<\/div>\n<\/div>\n<\/div>\n\n<div class=\"gb-loop-item gb-loop-item-18e0c954 post-119 experencia type-experencia status-publish hentry\">\n<div class=\"wp-block-group is-vertical is-layout-flex wp-container-core-group-is-layout-0615b3a0 wp-block-group-is-layout-flex\" style=\"margin-top:0;margin-bottom:0\">\n<img loading=\"lazy\" decoding=\"async\" width=\"792\" height=\"612\" data-media-id=\"120\" class=\"gb-media-ac40019b\" src=\"https:\/\/vinicolaelaguaje.directorio-comercial.com\/wp-content\/uploads\/2025\/11\/RecorridosImg.png\" alt=\"Borrador autom\u00e1tico\" srcset=\"https:\/\/vinicolaelaguaje.directorio-comercial.com\/wp-content\/uploads\/2025\/11\/RecorridosImg.png 792w, https:\/\/vinicolaelaguaje.directorio-comercial.com\/wp-content\/uploads\/2025\/11\/RecorridosImg-300x232.png 300w, https:\/\/vinicolaelaguaje.directorio-comercial.com\/wp-content\/uploads\/2025\/11\/RecorridosImg-768x593.png 768w\" sizes=\"auto, (max-width: 792px) 100vw, 792px\" \/>\n\n\n\n<div class=\"wp-block-group has-base-2-color has-text-color has-background has-link-color wp-elements-0de776beb1bd4e20688e70e5cf9a8ee6 is-vertical is-content-justification-center is-layout-flex wp-container-core-group-is-layout-ce155fab wp-block-group-is-layout-flex\" style=\"background-color:#600000\">\n<h2 class=\"gb-text gb-text-7b861e5c\">RECORRIDO<\/h2>\n\n\n\n<p class=\"gb-text gb-text-5d05112a\">Emb\u00e1rcate en un recorrido exclusivo que te sumergir\u00e1 en la belleza de la naturaleza y el fascinante proceso de elaboraci\u00f3n del vino. Cada visita est\u00e1 dise\u00f1ada para ofrecerte una perspectiva \u00edntima y enriquecedora de nuestra vin\u00edcola, revelando los secretos que hacen de nuestros vinos una verdadera obra de arte.<\/p>\n<\/div>\n<\/div>\n<\/div>\n\n<div class=\"gb-loop-item gb-loop-item-18e0c954 post-117 experencia type-experencia status-publish hentry\">\n<div class=\"wp-block-group is-vertical is-layout-flex wp-container-core-group-is-layout-0615b3a0 wp-block-group-is-layout-flex\" style=\"margin-top:0;margin-bottom:0\">\n<img loading=\"lazy\" decoding=\"async\" width=\"792\" height=\"612\" data-media-id=\"118\" class=\"gb-media-ac40019b\" src=\"https:\/\/vinicolaelaguaje.directorio-comercial.com\/wp-content\/uploads\/2025\/11\/RestauranteImg.png\" alt=\"Borrador autom\u00e1tico\" srcset=\"https:\/\/vinicolaelaguaje.directorio-comercial.com\/wp-content\/uploads\/2025\/11\/RestauranteImg.png 792w, https:\/\/vinicolaelaguaje.directorio-comercial.com\/wp-content\/uploads\/2025\/11\/RestauranteImg-300x232.png 300w, https:\/\/vinicolaelaguaje.directorio-comercial.com\/wp-content\/uploads\/2025\/11\/RestauranteImg-768x593.png 768w\" sizes=\"auto, (max-width: 792px) 100vw, 792px\" \/>\n\n\n\n<div class=\"wp-block-group has-base-2-color has-text-color has-background has-link-color wp-elements-0de776beb1bd4e20688e70e5cf9a8ee6 is-vertical is-content-justification-center is-layout-flex wp-container-core-group-is-layout-ce155fab wp-block-group-is-layout-flex\" style=\"background-color:#600000\">\n<h2 class=\"gb-text gb-text-7b861e5c\">RESTAURANTE<\/h2>\n\n\n\n<p class=\"gb-text gb-text-5d05112a\">Ofrecemos una experiencia gastron\u00f3mica \u00fanica en un entorno inigualable. Nuestra especialidad, la cocina campirana a las brasas, se elabora con ingredientes frescos y locales, dise\u00f1ados para armonizar perfectamente con nuestra exquisita selecci\u00f3n de vinos. Ven y deleita tus sentidos en un ambiente aut\u00e9ntico y acogedor.<\/p>\n<\/div>\n<\/div>\n<\/div>\n<\/div><\/div>\n<\/div>\n<\/div>\n","protected":false},"excerpt":{"rendered":"","protected":false},"author":1,"featured_media":0,"parent":0,"menu_order":0,"comment_status":"closed","ping_status":"closed","template":"page-no-title","meta":{"_acf_changed":false,"footnotes":""},"class_list":["post-18","page","type-page","status-publish","hentry"],"acf":[],"_links":{"self":[{"href":"https:\/\/vinicolaelaguaje.directorio-comercial.com\/index.php?rest_route=\/wp\/v2\/pages\/18","targetHints":{"allow":["GET"]}}],"collection":[{"href":"https:\/\/vinicolaelaguaje.directorio-comercial.com\/index.php?rest_route=\/wp\/v2\/pages"}],"about":[{"href":"https:\/\/vinicolaelaguaje.directorio-comercial.com\/index.php?rest_route=\/wp\/v2\/types\/page"}],"author":[{"embeddable":true,"href":"https:\/\/vinicolaelaguaje.directorio-comercial.com\/index.php?rest_route=\/wp\/v2\/users\/1"}],"replies":[{"embeddable":true,"href":"https:\/\/vinicolaelaguaje.directorio-comercial.com\/index.php?rest_route=%2Fwp%2Fv2%2Fcomments&post=18"}],"version-history":[{"count":5,"href":"https:\/\/vinicolaelaguaje.directorio-comercial.com\/index.php?rest_route=\/wp\/v2\/pages\/18\/revisions"}],"predecessor-version":[{"id":131,"href":"https:\/\/vinicolaelaguaje.directorio-comercial.com\/index.php?rest_route=\/wp\/v2\/pages\/18\/revisions\/131"}],"wp:attachment":[{"href":"https:\/\/vinicolaelaguaje.directorio-comercial.com\/index.php?rest_route=%2Fwp%2Fv2%2Fmedia&parent=18"}],"curies":[{"name":"wp","href":"https:\/\/api.w.org\/{rel}","templated":true}]}}